{"id":133,"date":"2026-01-28T13:19:24","date_gmt":"2026-01-28T13:19:24","guid":{"rendered":"https:\/\/dev.urologie.hermandinger.at\/?page_id=133"},"modified":"2026-01-28T13:24:31","modified_gmt":"2026-01-28T13:24:31","slug":"impressum","status":"publish","type":"page","link":"https:\/\/urologie.hermandinger.at\/?page_id=133","title":{"rendered":"Impressum"},"content":{"rendered":"\n<div style=\"height:100px\" aria-hidden=\"true\" class=\"wp-block-spacer\"><\/div>\n\n\n\n<h2 class=\"wp-block-heading\">Impressum<\/h2>\n\n\n\n<p><strong>Verantwortlicher Herausgeber:<\/strong><\/p>\n\n\n\n<p><strong>Dr. med. univ. Gerhard Hermandinger<\/strong><\/p>\n\n\n\n<p>Bahnhofstra\u00dfe 66<br>4910 Ried im Innkreis<\/p>\n\n\n\n<p>T: +43 7752 \/ 87420 <\/p>\n\n\n\n<p><strong>Zust\u00e4ndige \u00c4rztekammer:<\/strong><\/p>\n\n\n\n<p>\u00c4rztekammer f\u00fcr Ober\u00f6sterreich<br>Dinghoferstra\u00dfe 4, 4010 Linz<\/p>\n\n\n\n<p>T: +43 732 \/ 77 83 71 0 <br>F: +43 732 \/ 88 83 71 258 <br>E-Mail: aekooe@aekooe.or.at<\/p>\n","protected":false},"excerpt":{"rendered":"<p>Impressum Verantwortlicher Herausgeber: Dr. med. univ. Gerhard Hermandinger Bahnhofstra\u00dfe 664910 Ried im Innkreis T: +43 7752 \/ 87420 Zust\u00e4ndige \u00c4rztekammer: [&hellip;]<\/p>\n","protected":false},"author":2,"featured_media":0,"parent":0,"menu_order":0,"comment_status":"closed","ping_status":"closed","template":"","meta":{"site-sidebar-layout":"default","site-content-layout":"","ast-site-content-layout":"default","site-content-style":"default","site-sidebar-style":"default","ast-global-header-display":"","ast-banner-title-visibility":"","ast-main-header-display":"","ast-hfb-above-header-display":"","ast-hfb-below-header-display":"","ast-hfb-mobile-header-display":"","site-post-title":"","ast-breadcrumbs-content":"","ast-featured-img":"","footer-sml-layout":"","ast-disable-related-posts":"","theme-transparent-header-meta":"","adv-header-id-meta":"","stick-header-meta":"","header-above-stick-meta":"","header-main-stick-meta":"","header-below-stick-meta":"","astra-migrate-meta-layouts":"default","ast-page-background-enabled":"default","ast-page-background-meta":{"desktop":{"background-color":"var(--ast-global-color-5)","background-image":"","background-repeat":"repeat","background-position":"center center","background-size":"auto","background-attachment":"scroll","background-type":"","background-media":"","overlay-type":"","overlay-color":"","overlay-opacity":"","overlay-gradient":""},"tablet":{"background-color":"","background-image":"","background-repeat":"repeat","background-position":"center center","background-size":"auto","background-attachment":"scroll","background-type":"","background-media":"","overlay-type":"","overlay-color":"","overlay-opacity":"","overlay-gradient":""},"mobile":{"background-color":"","background-image":"","background-repeat":"repeat","background-position":"center center","background-size":"auto","background-attachment":"scroll","background-type":"","background-media":"","overlay-type":"","overlay-color":"","overlay-opacity":"","overlay-gradient":""}},"ast-content-background-meta":{"desktop":{"background-color":"var(--ast-global-color-4)","background-image":"","background-repeat":"repeat","background-position":"center center","background-size":"auto","background-attachment":"scroll","background-type":"","background-media":"","overlay-type":"","overlay-color":"","overlay-opacity":"","overlay-gradient":""},"tablet":{"background-color":"var(--ast-global-color-4)","background-image":"","background-repeat":"repeat","background-position":"center center","background-size":"auto","background-attachment":"scroll","background-type":"","background-media":"","overlay-type":"","overlay-color":"","overlay-opacity":"","overlay-gradient":""},"mobile":{"background-color":"var(--ast-global-color-4)","background-image":"","background-repeat":"repeat","background-position":"center center","background-size":"auto","background-attachment":"scroll","background-type":"","background-media":"","overlay-type":"","overlay-color":"","overlay-opacity":"","overlay-gradient":""}},"footnotes":""},"class_list":["post-133","page","type-page","status-publish","hentry"],"_links":{"self":[{"href":"https:\/\/urologie.hermandinger.at\/index.php?rest_route=\/wp\/v2\/pages\/133","targetHints":{"allow":["GET"]}}],"collection":[{"href":"https:\/\/urologie.hermandinger.at\/index.php?rest_route=\/wp\/v2\/pages"}],"about":[{"href":"https:\/\/urologie.hermandinger.at\/index.php?rest_route=\/wp\/v2\/types\/page"}],"author":[{"embeddable":true,"href":"https:\/\/urologie.hermandinger.at\/index.php?rest_route=\/wp\/v2\/users\/2"}],"replies":[{"embeddable":true,"href":"https:\/\/urologie.hermandinger.at\/index.php?rest_route=%2Fwp%2Fv2%2Fcomments&post=133"}],"version-history":[{"count":4,"href":"https:\/\/urologie.hermandinger.at\/index.php?rest_route=\/wp\/v2\/pages\/133\/revisions"}],"predecessor-version":[{"id":140,"href":"https:\/\/urologie.hermandinger.at\/index.php?rest_route=\/wp\/v2\/pages\/133\/revisions\/140"}],"wp:attachment":[{"href":"https:\/\/urologie.hermandinger.at\/index.php?rest_route=%2Fwp%2Fv2%2Fmedia&parent=133"}],"curies":[{"name":"wp","href":"https:\/\/api.w.org\/{rel}","templated":true}]}}